{"id":53,"date":"2023-12-14T15:25:14","date_gmt":"2023-12-14T15:25:14","guid":{"rendered":"https:\/\/protistomics.eu\/hehenberger\/?page_id=53"},"modified":"2024-10-05T15:55:28","modified_gmt":"2024-10-05T15:55:28","slug":"publications","status":"publish","type":"page","link":"https:\/\/protistomics.org\/hehenberger\/publications\/","title":{"rendered":"Publications"},"content":{"rendered":"\n<div class=\"wp-block-uagb-container uagb-block-760a3cfe alignfull uagb-is-root-container\"><div class=\"uagb-container-inner-blocks-wrap\">\n<div class=\"wp-block-uagb-advanced-heading uagb-block-c4750df4\"><h2 class=\"uagb-heading-text\">2024<\/h2><\/div>\n\n\n\n<p>Hehenberger, E. and Burki, F. (2024) The Extent, Role, and Timing of Endosymbiotic Gene Transfer in Plastids. In: Schwartzbach, S. D., Kroth, P. G., Oborn\u00edk, M. (eds) Endosymbiotic Organelle Acquisition. Springer, Cham.&nbsp;doi: <a href=\"https:\/\/doi.org\/10.1007\/978-3-031-57446-7_4\">https:\/\/doi.org\/10.1007\/978-3-031-57446-7_4<\/a><\/p>\n\n\n\n<p>Cooney, E. C., Holt, C. C., Hehenberger, E., Adams, J. A., Leander, B. S., and Keeling, P. J. (2024) Investigation of heterotrophs reveals new insights in dinoflagellate evolution. Mol. Phylogenet. Evol. 196, 108086.\u00a0doi: <a href=\"https:\/\/doi.org\/10.1016\/j.ympev.2024.108086\">https:\/\/doi.org\/10.1016\/j.ympev.2024.108086<\/a><\/p>\n\n\n\n<p>del Campo, J., Carlos-Oliveira, M., \u010cepi\u010dka, I., Hehenberger, E., Hor\u00e1k, A., Karnkowska, A., Kolisko, M., Lara, E., Luke\u0161, J., P\u00e1nek, T., Piwosz, K., Richter, D. J., \u0160kaloud, P., Sutak, R., Tachezy, J. &amp; Hampl, V. The protist cultural renaissance. Trends Microbiol. (2023). doi: <a href=\"https:\/\/doi.org\/10.1016\/j.tim.2023.11.010\">https:\/\/doi.org\/10.1016\/j.tim.2023.11.010<\/a><\/p>\n\n\n\n<p>Harbeitner, R. C., Wittmers, F., Yung, C. C. M., Eckmann, C. A., Hehenberger, E., Blum, M., Needham, D. M. and Worden, A. Z. (2024) Gradients of bacteria in the oceanic water column reveal finely-resolved vertical distributions. PLOS ONE 19(4): e0298139.\u00a0doi: <a href=\"https:\/\/doi.org\/10.1371\/journal.pone.0298139\">https:\/\/doi.org\/10.1371\/journal.pone.0298139<\/a><\/p>\n\n\n\n<div class=\"wp-block-uagb-advanced-heading uagb-block-df78f5ac\"><h2 class=\"uagb-heading-text\">2023<\/h2><\/div>\n\n\n\n<p>Hehenberger, E., Guo, J., Wilken, S., Hoadley, K., Sudek, L., Poirier, C., Dannebaum, R., Susko, E. &amp; Worden, A. Z. Phosphate limitation responses in marine green algae are linked to reprogramming of the tRNA epitranscriptome and codon usage bias. Mol. Biol. Evol. msad251 (2023). doi: <a href=\"https:\/\/doi.org\/10.1093\/molbev\/msad251\">https:\/\/doi.org\/10.1093\/molbev\/msad251<\/a><\/p>\n\n\n\n<p>Holt, C. C.*, Hehenberger, E.*, Tikhonenkov, D. V., Jacko-Reynolds, V. K. L., Okamoto, N., Cooney, E. C., Irwin, N. A. T. &amp; Keeling, P. J. Multiple parallel origins of parasitic Marine Alveolates. Nat. Commun. 14, (2023). doi: <a href=\"https:\/\/doi.org\/10.1038\/s41467-023-42807-0\">https:\/\/doi.org\/10.1038\/s41467-023-42807-0<\/a><br>* These authors contributed equally<\/p>\n\n\n\n<p>Hehenberger, E., Boscaro, V., James, E. R., Hirakawa, Y., Trznadel, M., Mtawali, M., Fiorito, R., del Campo, J., Karnkowska, A., Kolisko, M., Irwin, N. A. T., Mathur, V., Scheffrahn, R. H. &amp; Keeling, P. J. New Parabasalia symbionts Snyderella spp. and Daimonympha gen. nov. from South American Rugitermes termites and the parallel evolution of a cell with a rotating \u201chead\u201d. J. Eukaryot. Microbiol. 70, e12987 (2023).<\/p>\n\n\n\n<div class=\"wp-block-uagb-advanced-heading uagb-block-e45b079a\"><h2 class=\"uagb-heading-text\">2022<\/h2><\/div>\n\n\n\n<p>Decelle, J., Kayal, E., Bigeard, E., Gallet, B., Bougoure, J., Clode, P., Schieber, N., Templin, R., Hehenberger, E., Prensier, G., Chevalier, F., Schwab, Y. &amp; Guillou, L. Intracellular development and impact of a marine eukaryotic parasite on its zombified microalgal host. ISME J. 16, 2348\u20132359 (2022).<\/p>\n\n\n\n<p>Cho, A., Tikhonenkov, D. V, Hehenberger, E., Karnkowska, A., Mylnikov, A. P. &amp; Keeling, P. J. Monophyly of diverse Bigyromonadea and their impact on phylogenomic relationships within stramenopiles. Mol. Phylogenet. Evol. 171, 107468 (2022).<\/p>\n\n\n\n<p>Wittmers, F., Needham, D. M., Hehenberger, E., Giovannoni, S. J. &amp; Worden, A. Z. Genomes from uncultivated pelagiphages reveal multiple phylogenetic clades exhibiting extensive auxiliary metabolic genes and cross-family multigene transfers. mSystems 7, e01522-21 (2022).<\/p>\n\n\n\n<p>Bachy, C., Hehenberger, E., Ling, Y.-C., Needham, D. M., Strauss, J., Wilken, S. &amp; Worden, A. Z. in (eds. Stal, L. J. &amp; Cretoiu, M. S.) 159\u2013241 (Springer International Publishing, 2022). doi:<a href=\"https:\/\/doi.org\/10.1007\/978-3-030-90383-1_4\">https:\/\/doi.org\/10.1007\/978-3-030-90383-1_4<\/a><\/p>\n\n\n\n<div class=\"wp-block-uagb-advanced-heading uagb-block-8e7713d5\"><h2 class=\"uagb-heading-text\">2021<\/h2><\/div>\n\n\n\n<p>Hamilton, M., Mascioni, M., Hehenberger, E., Bachy, C., Yung, C., Vernet, M. &amp; Worden, A. Z. Spatiotemporal variations in Antarctic protistan communities highlight phytoplankton diversity and seasonal dominance by a novel cryptophyte lineage. MBio 12, e02973-21 (2021).<\/p>\n\n\n\n<p>Singh, R. A., Boscaro, V., James, E. R., Karnkowska, A., Kolisko, M., Gavelis, G. S., Okamoto, N., del Campo, J., Fiorito, R., Hehenberger, E., Irwin, N. A. T., Mathur, V., Scheffrahn, R. H. &amp; Keeling, P. J. Characterization of new cristamonad species from kalotermitid termites including a novel genus, Runanympha. Sci. Rep. 11, 7270 (2021).<\/p>\n\n\n\n<div class=\"wp-block-uagb-advanced-heading uagb-block-0afcbe03\"><h2 class=\"uagb-heading-text\">2020<\/h2><\/div>\n\n\n\n<p>Hehenberger, E., Eitel, M., Fortunato, S. A. V., Miller, D. J., Keeling, P. J. &amp; Cahill, M. A. Early eukaryotic origins and metazoan elaboration of MAPR family proteins. Mol. Phylogenet. Evol. 148, (2020).<\/p>\n\n\n\n<p>Tikhonenkov, D. V.*, Mikhailov, K. V.*, Hehenberger, E., Karpov, S. A., Prokina, K. I., Esaulov, A. S., Belyakova, O. I., Mazei, Y. A., Mylnikov, A. P., Aleoshin, V. V &amp; Keeling, P. J. New lineage of microbial predators adds complexity to reconstructing the evolutionary origin of animals. Curr. Biol. 30, 4500-4509.e5 (2020). <br>* These authors contributed equally<\/p>\n\n\n\n<p>Tikhonenkov, D. V., Hehenberger, E., Esaulov, A. S., Belyakova, O. I., Mazei, Y. A., Mylnikov, A. P. &amp; Keeling, P. J. Insights into the origin of metazoan multicellularity from predatory unicellular relatives of animals. BMC Biol. 18, 39 (2020).<\/p>\n\n\n\n<p>Keeling, P. J., Boscaro, V., Bardell, F., Burki, F., Cho, A., Cooney, E. C., del Campo, J., Fast, N. M., Fiorito, R., Gavelis, G. S., Gawryluk, R. M. R., George, E. E., Gomm-Kolisko, R. N., Grisdale, C. J., Heger, T., Hehenberger, E., Herranz, M., Hirakawa, Y., Husnik, F., Imanian, B., Irwin, N. A. T., James, E. R., Janouskovec, J., Karnkowska, A., Kolisko, M., Kwong, W., Leander, B. S., Mathur, V., Nawar, F., Okamoto, N., Parfrey, L., Pittis, A., Pan, J., Pombert, J.-F., Sabetrasekh, M., Saldarriaga, J. F., Sanders, R., Singh, R. A., Smith, D. R., Strassert, J. F. H., Stephenson, I., Syberg-Olsen, M. J., Tai, V., Tikhonenkov, D. V, Van Steenkiste, N. W. L., Whalen, M., Whelan, T. A. &amp; Wong, D. K. A letter to Denis Lynn. Aquat. Ecosyst. Health Manag. 23, 17\u201318 (2020).<\/p>\n\n\n\n<p>Faktorov\u00e1, D., Nisbet, R. E. R., Fern\u00e1ndez Robledo, J. A., Casacuberta, E., Sudek, L., Allen, A. E., Ares, M., Arest\u00e9, C., Balestreri, C., Barbrook, A. C., Beardslee, P., Bender, S., Booth, D. S., Bouget, F. Y., Bowler, C., Breglia, S. A., Brownlee, C., Burger, G., Cerutti, H., Cesaroni, R., Chiurillo, M. A., Clemente, T., Coles, D. B., Collier, J. L., Cooney, E. C., Coyne, K., Docampo, R., Dupont, C. L., Edgcomb, V., Einarsson, E., Elustondo, P. A., Federici, F., Freire-Beneitez, V., Freyria, N. J., Fukuda, K., Garc\u00eda, P. A., Girguis, P. R., Gomaa, F., Gornik, S. G., Guo, J., Hampl, V., Hanawa, Y., Haro-Contreras, E. R., Hehenberger, E., Highfield, A., Hirakawa, Y., Hopes, A., Howe, C. J., Hu, I., Iba\u00f1ez, J., Irwin, N. A. T., Ishii, Y., Janowicz, N. E., Jones, A. C., Kachale, A., Fujimura-Kamada, K., Kaur, B., Kaye, J. Z., Kazana, E., Keeling, P. J., King, N., Klobutcher, L. A., Lander, N., Lassadi, I., Li, Z., Lin, S., Lozano, J. C., Luan, F., Maruyama, S., Matute, T., Miceli, C., Minagawa, J., Moosburner, M., Najle, S. R., Nanjappa, D., Nimmo, I. C., Noble, L., Nov\u00e1k Vanclov\u00e1, A. M. G., Nowacki, M., Nu\u00f1ez, I., Pain, A., Piersanti, A., Pucciarelli, S., Pyrih, J., Rest, J. S., Rius, M., Robertson, D., Ruaud, A., Ruiz-Trillo, I., Sigg, M. A., Silver, P. A., Slamovits, C. H., Jason Smith, G., Sprecher, B. N., Stern, R., Swart, E. C., Tsaousis, A. D., Tsypin, L., Turkewitz, A., Turn\u0161ek, J., Valach, M., Verg\u00e9, V., von Dassow, P., von der Haar, T., Waller, R. F., Wang, L., Wen, X., Wheeler, G., Woods, A., Zhang, H., Mock, T., Worden, A. Z. &amp; Luke\u0161, J. Genetic tool development in marine protists: emerging model organisms for experimental cell biology. Nat. Methods 17, 481\u2013494 (2020).<\/p>\n\n\n\n<p>Cooney, E. C., Okamoto, N., Cho, A., Hehenberger, E., Richards, T. A., Santoro, A. E., Worden, A. Z., Leander, B. S. &amp; Keeling, P. J. Single-cell transcriptomics of Abedinium reveals a new early-branching dinoflagellate lineage. Genome Biol. Evol. 12, 2417\u20132428 (2020).<\/p>\n\n\n\n<div class=\"wp-block-uagb-advanced-heading uagb-block-a8e33310\"><h2 class=\"uagb-heading-text\">2019<\/h2><\/div>\n\n\n\n<p>Mathur, V.*, Kol\u00edsko, M.*, Hehenberger, E., Irwin, N. A. T., Leander, B. S., Kristmundsson, \u00c1., Freeman, M. A. &amp; Keeling, P. J. Multiple independent origins of apicomplexan-like parasites. Curr. Biol. 29, 2936-2941.e5 (2019). <br>* These authors contributed equally<\/p>\n\n\n\n<p>Gawryluk, R. M. R.*, Tikhonenkov, D. V.*, Hehenberger, E., Husnik, F., Mylnikov, A. P. &amp; Keeling, P. J. Non-photosynthetic predators are sister to red algae. Nature 572, 240\u2013243 (2019). <br>* These authors contributed equally<\/p>\n\n\n\n<p>Needham, D. M., Poirier, C., Hehenberger, E., Jim\u00e9nez, V., Swalwell, J. E., Santoro, A. E. &amp; Worden, A. Z. Targeted metagenomic recovery of four divergent viruses reveals shared and distinctive characteristics of giant viruses of marine eukaryotes. Philos. Trans. R. Soc. B Biol. Sci. 374, 20190086 (2019).<\/p>\n\n\n\n<p>Irwin, N. A. T., Tikhonenkov, D. V, Hehenberger, E., Mylnikov, A. P., Burki, F. &amp; Keeling, P. J. Phylogenomics supports the monophyly of the Cercozoa. Mol. Phylogenet. Evol. 130, 416\u2013423 (2019).<\/p>\n\n\n\n<p>Strassert, J. F. H., Hehenberger, E., del Campo, J., Okamoto, N., Kolisko, M., Richards, T. A., Worden, A. Z., Santoro, A. E. &amp; Keeling, P. J. Phylogeny, evidence for a cryptic plastid, and distribution of Chytriodinium parasites (Dinophyceae) infecting copepods. J. Eukaryot. Microbiol. 66, 574\u2013581 (2019).<\/p>\n\n\n\n<p>Needham, D. M.*, Yoshizawa, S.*, Hosaka, T.*, Poirier, C., Choi, C. J., Hehenberger, E., Irwin, N. A. T., Wilken, S., Yung, C.-M., Bachy, C., Kurihara, R., Nakajima, Y., Kojima, K., Kimura-Someya, T., Leonard, G., Malmstrom, R. R., Mende, D. R., Olson, D. K., Sudo, Y., Sudek, S., Richards, T. A., DeLong, E. F., Keeling, P. J., Santoro, A. E., Shirouzu, M., Iwasaki, W. &amp; Worden, A. Z. A distinct lineage of giant viruses brings a rhodopsin photosystem to unicellular marine predators. Proc. Natl. Acad. Sci. 116, 20574\u201320583 (2019).<br>* These authors contributed equally<\/p>\n\n\n\n<p>Hehenberger, E., Gast, R. J. &amp; Keeling, P. J. A kleptoplastidic dinoflagellate and the tipping point between transient and fully integrated plastid endosymbiosis. Proc. Natl. Acad. Sci. U. S. A. 116, 17934\u201317942 (2019).<\/p>\n\n\n\n<div class=\"wp-block-uagb-advanced-heading uagb-block-ce9743c0\"><h2 class=\"uagb-heading-text\">2018<\/h2><\/div>\n\n\n\n<p>Strassert, J. F. H., Karnkowska, A., Hehenberger, E., Del Campo, J., Kolisko, M., Okamoto, N., Burki, F., Janou\u0161kovec, J., Poirier, C., Leonard, G., Hallam, S. J., Richards, T. A., Worden, A. Z., Santoro, A. E. &amp; Keeling, P. J. Single cell genomics of uncultured marine alveolates shows paraphyly of basal dinoflagellates. ISME J. 12, 304\u2013308 (2018).<\/p>\n\n\n\n<p>Hehenberger, E., James, E. R., del Campo, J., Buckland-Nicks, J. A., Reimchen, T. E. &amp; Keeling, P. J. Fish parasite dinoflagellates Haidadinium ichthyophilum and Piscinoodinium share a recent common ancestor. J. Eukaryot. Microbiol. 65, 127\u2013131 (2018).<\/p>\n\n\n\n<div class=\"wp-block-uagb-advanced-heading uagb-block-a5162ffc\"><h2 class=\"uagb-heading-text\">2017<\/h2><\/div>\n\n\n\n<p>Boscaro, V., James, E. R., Fiorito, R., Hehenberger, E., Karnkowska, A., del Campo, J., Kolisko, M., Irwin, N. A. T., Mathur, V., Scheffrahn, R. H. &amp; Keeling, P. J. Molecular characterization and phylogeny of four new species of the genus Trichonympha (Parabasalia, Trichonymphea) from lower termite hindguts. Int. J. Syst. Evol. Microbiol. 67, 3570\u20133575 (2017).<\/p>\n\n\n\n<p>Hehenberger, E., Tikhonenkov, D. V, Kolisko, M., del Campo, J., Esaulov, A. S., Mylnikov, A. P. &amp; Keeling, P. J. Novel predators reshape holozoan phylogeny and reveal the presence of a two-component signaling system in the ancestor of animals. Curr. Biol. 27, 2043-2050.e6 (2017).<\/p>\n\n\n\n<p>del Campo, J., James, E. R., Hirakawa, Y., Fiorito, R., Kolisko, M., Irwin, N. A. T., Mathur, V., Boscaro, V., Hehenberger, E., Karnkowska, A., Scheffrahn, R. H. &amp; Keeling, P. J. Pseudotrichonympha leei, Pseudotrichonympha lifesoni, and Pseudotrichonympha pearti, new species of parabasalian flagellates and the description of a rotating subcellular structure. Sci. Rep. 7, 16349 (2017).<\/p>\n\n\n\n<div class=\"wp-block-uagb-advanced-heading uagb-block-722d09c3\"><h2 class=\"uagb-heading-text\">2016<\/h2><\/div>\n\n\n\n<p>del Campo, J., Guillou, L., Hehenberger, E., Logares, R., L\u00f3pez-Garc\u00eda, P. &amp; Massana, R. Ecological and evolutionary significance of novel protist lineages. Eur. J. Protistol. 55, 4\u201311 (2016).<\/p>\n\n\n\n<p>Hehenberger, E., Burki, F., Kolisko, M. &amp; Keeling, P. J. Functional relationship between a dinoflagellate host and its diatom endosymbiont. Mol. Biol. Evol. 33, 2376\u20132390 (2016).<\/p>\n\n\n\n<div class=\"wp-block-uagb-advanced-heading uagb-block-b30530a8\"><h2 class=\"uagb-heading-text\">2014<\/h2><\/div>\n\n\n\n<p>Hehenberger, E., Imanian, B., Burki, F. &amp; Keeling, P. J. Evidence for the retention of two evolutionary distinct plastids in dinoflagellates with diatom endosymbionts. Genome Biol. Evol. 6, 2321\u20132334 (2014).<\/p>\n\n\n\n<p>Burki, F.*, Imanian, B.*, Hehenberger, E., Hirakawa, Y., Maruyama, S. &amp; Keeling, P. J. Endosymbiotic gene transfer in tertiary plastid-containing dinoflagellates. Eukaryot. Cell 13, 246\u2013255 (2014). <br>* These authors contributed equally<\/p>\n\n\n\n<div class=\"wp-block-uagb-advanced-heading uagb-block-89703542\"><h2 class=\"uagb-heading-text\">2013<\/h2><\/div>\n\n\n\n<p>Probst, O. C., Karayel, E., Schida, N., Nimmerfall, E., Hehenberger, E., Puxbaum, V. &amp; Mach, L. The mannose 6-phosphate-binding sites of M6P\/IGF2R determine its capacity to suppress matrix invasion by squamous cell carcinoma cells. Biochem. J. 451, 91\u201399 (2013).<\/p>\n\n\n\n<div class=\"wp-block-uagb-advanced-heading uagb-block-2d226013\"><h2 class=\"uagb-heading-text\">2012<\/h2><\/div>\n\n\n\n<p>Hehenberger, E., Kradolfer, D. &amp; K\u00f6hler, C. Endosperm cellularization defines an important developmental transition for embryo development. Development 139, 2031\u20132039 (2012).<\/p>\n\n\n\n<div class=\"wp-block-uagb-advanced-heading uagb-block-14a217c9\"><h2 class=\"uagb-heading-text\">2010<\/h2><\/div>\n\n\n\n<p>Weinhofer, I., Hehenberger, E., Roszak, P., Hennig, L. &amp; K\u00f6hler, C. H3K27me3 profiling of the endosperm implies exclusion of Polycomb Group Protein targeting by DNA methylation. PLOS Genet. 6, e1001152 (2010).<\/p>\n<\/div><\/div>\n","protected":false},"excerpt":{"rendered":"<p>2024 Hehenberger, E. and Burki, F. (2024) The Extent, Role, and Timing of Endosymbiotic Gene Transfer in Plastids. In: Schwartzbach, S. D., Kroth, P. G., Oborn\u00edk, M. (eds) Endosymbiotic Organelle &#8230;<\/p>\n","protected":false},"author":1,"featured_media":0,"parent":0,"menu_order":0,"comment_status":"closed","ping_status":"closed","template":"template-fullwidth.php","meta":{"_uag_custom_page_level_css":"","footnotes":""},"uagb_featured_image_src":{"full":false,"thumbnail":false,"medium":false,"medium_large":false,"large":false,"1536x1536":false,"2048x2048":false,"onepress-blog-small":false,"onepress-small":false,"onepress-medium":false},"uagb_author_info":{"display_name":"serafim","author_link":"https:\/\/protistomics.org\/hehenberger\/author\/serafim\/"},"uagb_comment_info":0,"uagb_excerpt":"2024 Hehenberger, E. and Burki, F. (2024) The Extent, Role, and Timing of Endosymbiotic Gene Transfer in Plastids. In: Schwartzbach, S. D., Kroth, P. G., Oborn\u00edk, M. (eds) Endosymbiotic Organelle ...","_links":{"self":[{"href":"https:\/\/protistomics.org\/hehenberger\/wp-json\/wp\/v2\/pages\/53"}],"collection":[{"href":"https:\/\/protistomics.org\/hehenberger\/wp-json\/wp\/v2\/pages"}],"about":[{"href":"https:\/\/protistomics.org\/hehenberger\/wp-json\/wp\/v2\/types\/page"}],"author":[{"embeddable":true,"href":"https:\/\/protistomics.org\/hehenberger\/wp-json\/wp\/v2\/users\/1"}],"replies":[{"embeddable":true,"href":"https:\/\/protistomics.org\/hehenberger\/wp-json\/wp\/v2\/comments?post=53"}],"version-history":[{"count":9,"href":"https:\/\/protistomics.org\/hehenberger\/wp-json\/wp\/v2\/pages\/53\/revisions"}],"predecessor-version":[{"id":263,"href":"https:\/\/protistomics.org\/hehenberger\/wp-json\/wp\/v2\/pages\/53\/revisions\/263"}],"wp:attachment":[{"href":"https:\/\/protistomics.org\/hehenberger\/wp-json\/wp\/v2\/media?parent=53"}],"curies":[{"name":"wp","href":"https:\/\/api.w.org\/{rel}","templated":true}]}}