{"id":59,"date":"2023-12-14T15:25:50","date_gmt":"2023-12-14T15:25:50","guid":{"rendered":"https:\/\/protistomics.eu\/hehenberger\/?page_id=59"},"modified":"2025-10-02T08:18:19","modified_gmt":"2025-10-02T08:18:19","slug":"contact","status":"publish","type":"page","link":"https:\/\/protistomics.org\/hehenberger\/contact\/","title":{"rendered":"Contacts"},"content":{"rendered":"\n<div class=\"wp-block-uagb-container uagb-block-290590a0 alignfull uagb-is-root-container\"><div class=\"uagb-container-inner-blocks-wrap\">\n<div class=\"wp-block-uagb-container uagb-block-efe68be7\">\n<div class=\"wp-block-uagb-advanced-heading uagb-block-20ba2b69\"><h5 class=\"uagb-heading-text\">EVOLUTION OF PROTIST SYMBIOSES LABORATORY<br>(Laboratory of Elisabeth Hehenberger)<\/h5><\/div>\n\n\n\n<p><strong>Email<\/strong><br><a href=\"mailto:elisabeth.hehenberger@paru.cas.cz\">elisabeth.hehenberger@paru.cas.cz<\/a><\/p>\n\n\n\n<p><strong>Phone<\/strong><br>+420 38 777 5550<\/p>\n\n\n\n<p><strong>Address<\/strong><br>Biology Centre CAS<br>Institute of Parasitology<br>Brani\u0161ovsk\u00e1 1160\/31<br>370 05 \u010cesk\u00e9 Bud\u011bjovice<\/p>\n\n\n\n<p>5th floor<\/p>\n<\/div>\n\n\n\n<div class=\"wp-block-uagb-container uagb-block-5a2ce771\">\t\t\t<div \n\t\t\tclass=\"wp-block-uagb-google-map uagb-google-map__wrap uagb-block-8fa957ce     \"\n\t\t\tstyle=\"\" >\n\t\t\t\t<iframe\n\t\t\t\t\tclass=\"uagb-google-map__iframe\"\n\t\t\t\t\ttitle=\"Google Map for \"\n\t\t\t\t\tsrc=\"https:\/\/maps.google.com\/maps?q=Biology%20Centre%20CAS&#038;z=14&#038;hl=en&#038;t=m&#038;output=embed&#038;iwloc=near\"\n\t\t\t\t\twidth=\"640\"\n\t\t\t\t\theight=\"380\"\n\t\t\t\t\tloading=\"lazy\"\n\t\t\t\t><\/iframe>\n\t\t\t<\/div>\n\t\t\t<\/div>\n<\/div><\/div>\n","protected":false},"excerpt":{"rendered":"<p>EVOLUTION OF PROTIST SYMBIOSES LABORATORY(Laboratory of Elisabeth Hehenberger) Emailelisabeth.hehenberger@paru.cas.cz Phone+420 38 777 5550 AddressBiology Centre CASInstitute of ParasitologyBrani\u0161ovsk\u00e1 1160\/31370 05 \u010cesk\u00e9 Bud\u011bjovice 5th floor<\/p>\n","protected":false},"author":1,"featured_media":0,"parent":0,"menu_order":0,"comment_status":"closed","ping_status":"closed","template":"template-fullwidth.php","meta":{"_uag_custom_page_level_css":"","footnotes":""},"uagb_featured_image_src":{"full":false,"thumbnail":false,"medium":false,"medium_large":false,"large":false,"1536x1536":false,"2048x2048":false,"onepress-blog-small":false,"onepress-small":false,"onepress-medium":false},"uagb_author_info":{"display_name":"serafim","author_link":"https:\/\/protistomics.org\/hehenberger\/author\/serafim\/"},"uagb_comment_info":0,"uagb_excerpt":"EVOLUTION OF PROTIST SYMBIOSES LABORATORY(Laboratory of Elisabeth Hehenberger) Emailelisabeth.hehenberger@paru.cas.cz Phone+420 38 777 5550 AddressBiology Centre CASInstitute of ParasitologyBrani\u0161ovsk\u00e1 1160\/31370 05 \u010cesk\u00e9 Bud\u011bjovice 5th floor","_links":{"self":[{"href":"https:\/\/protistomics.org\/hehenberger\/wp-json\/wp\/v2\/pages\/59"}],"collection":[{"href":"https:\/\/protistomics.org\/hehenberger\/wp-json\/wp\/v2\/pages"}],"about":[{"href":"https:\/\/protistomics.org\/hehenberger\/wp-json\/wp\/v2\/types\/page"}],"author":[{"embeddable":true,"href":"https:\/\/protistomics.org\/hehenberger\/wp-json\/wp\/v2\/users\/1"}],"replies":[{"embeddable":true,"href":"https:\/\/protistomics.org\/hehenberger\/wp-json\/wp\/v2\/comments?post=59"}],"version-history":[{"count":9,"href":"https:\/\/protistomics.org\/hehenberger\/wp-json\/wp\/v2\/pages\/59\/revisions"}],"predecessor-version":[{"id":308,"href":"https:\/\/protistomics.org\/hehenberger\/wp-json\/wp\/v2\/pages\/59\/revisions\/308"}],"wp:attachment":[{"href":"https:\/\/protistomics.org\/hehenberger\/wp-json\/wp\/v2\/media?parent=59"}],"curies":[{"name":"wp","href":"https:\/\/api.w.org\/{rel}","templated":true}]}}