{"id":21,"date":"2019-03-04T15:08:27","date_gmt":"2019-03-04T15:08:27","guid":{"rendered":"http:\/\/protistomics.eu\/martin\/?page_id=21"},"modified":"2023-12-20T16:05:29","modified_gmt":"2023-12-20T16:05:29","slug":"contacts","status":"publish","type":"page","link":"https:\/\/protistomics.org\/kolisko\/contacts\/","title":{"rendered":"Contacts"},"content":{"rendered":"\n<div class=\"wp-block-uagb-container uagb-block-4d331035 alignfull uagb-is-root-container\"><div class=\"uagb-container-inner-blocks-wrap\">\n<div class=\"wp-block-uagb-container uagb-block-710b4a36\">\n<div class=\"wp-block-uagb-advanced-heading uagb-block-e8f327a6\"><h5 class=\"uagb-heading-text\">Laboratory of Genomics and Diversity of Protists<br>Laboratory of Martin Kolisko<\/h5><\/div>\n\n\n\n<p><strong>Email<\/strong><br><a href=\"mailto:kolisko@paru.cas.cz\">kolisko@paru.cas.cz<\/a><\/p>\n\n\n\n<p><strong>Phone<\/strong><br>+420 387 775 478<\/p>\n\n\n\n<p><strong>Address<\/strong><br>Biology Centre CAS<br>Institute of Parasitology<br>Brani\u0161ovsk\u00e1 1160\/31<br>370 05 \u010cesk\u00e9 Bud\u011bjovice<\/p>\n<\/div>\n\n\n\n<div class=\"wp-block-uagb-container uagb-block-a6284c4d\">\t\t\t<div \n\t\t\tclass=\"wp-block-uagb-google-map uagb-google-map__wrap uagb-block-7c9be75e     \"\n\t\t\tstyle=\"\" >\n\t\t\t\t<iframe\n\t\t\t\t\tclass=\"uagb-google-map__iframe\"\n\t\t\t\t\ttitle=\"Google Map for \"\n\t\t\t\t\tsrc=\"https:\/\/maps.google.com\/maps?q=Biology%20Centre%20CAS&#038;z=14&#038;hl=en&#038;t=m&#038;output=embed&#038;iwloc=near\"\n\t\t\t\t\twidth=\"640\"\n\t\t\t\t\theight=\"380\"\n\t\t\t\t\tloading=\"lazy\"\n\t\t\t\t><\/iframe>\n\t\t\t<\/div>\n\t\t\t<\/div>\n<\/div><\/div>\n","protected":false},"excerpt":{"rendered":"<p>Laboratory of Genomics and Diversity of ProtistsLaboratory of Martin Kolisko Emailkolisko@paru.cas.cz Phone+420 387 775 478 AddressBiology Centre CASInstitute of ParasitologyBrani\u0161ovsk\u00e1 1160\/31370 05 \u010cesk\u00e9 Bud\u011bjovice<\/p>\n","protected":false},"author":1,"featured_media":0,"parent":0,"menu_order":0,"comment_status":"closed","ping_status":"closed","template":"template-fullwidth.php","meta":{"_uag_custom_page_level_css":"","footnotes":""},"uagb_featured_image_src":{"full":false,"thumbnail":false,"medium":false,"medium_large":false,"large":false,"1536x1536":false,"2048x2048":false,"onepress-blog-small":false,"onepress-small":false,"onepress-medium":false},"uagb_author_info":{"display_name":"serafim","author_link":"https:\/\/protistomics.org\/kolisko\/blog\/author\/serafim\/"},"uagb_comment_info":0,"uagb_excerpt":"Laboratory of Genomics and Diversity of ProtistsLaboratory of Martin Kolisko Emailkolisko@paru.cas.cz Phone+420 387 775 478 AddressBiology Centre CASInstitute of ParasitologyBrani\u0161ovsk\u00e1 1160\/31370 05 \u010cesk\u00e9 Bud\u011bjovice","_links":{"self":[{"href":"https:\/\/protistomics.org\/kolisko\/wp-json\/wp\/v2\/pages\/21"}],"collection":[{"href":"https:\/\/protistomics.org\/kolisko\/wp-json\/wp\/v2\/pages"}],"about":[{"href":"https:\/\/protistomics.org\/kolisko\/wp-json\/wp\/v2\/types\/page"}],"author":[{"embeddable":true,"href":"https:\/\/protistomics.org\/kolisko\/wp-json\/wp\/v2\/users\/1"}],"replies":[{"embeddable":true,"href":"https:\/\/protistomics.org\/kolisko\/wp-json\/wp\/v2\/comments?post=21"}],"version-history":[{"count":9,"href":"https:\/\/protistomics.org\/kolisko\/wp-json\/wp\/v2\/pages\/21\/revisions"}],"predecessor-version":[{"id":211,"href":"https:\/\/protistomics.org\/kolisko\/wp-json\/wp\/v2\/pages\/21\/revisions\/211"}],"wp:attachment":[{"href":"https:\/\/protistomics.org\/kolisko\/wp-json\/wp\/v2\/media?parent=21"}],"curies":[{"name":"wp","href":"https:\/\/api.w.org\/{rel}","templated":true}]}}